{"id":542,"date":"2020-08-26T03:14:49","date_gmt":"2020-08-26T03:14:49","guid":{"rendered":"https:\/\/cadredor.tn\/index.php\/home\/"},"modified":"2022-04-17T10:35:49","modified_gmt":"2022-04-17T10:35:49","slug":"home","status":"publish","type":"page","link":"https:\/\/cadredor.tn\/","title":{"rendered":"Acceuil"},"content":{"rendered":"\n<div class=\"wp-block-cover alignfull has-parallax\" style=\"background-image:url(https:\/\/cadredor.tn\/wp-content\/uploads\/2020\/02\/bg-01-free-img.jpg);min-height:850px;aspect-ratio:unset;\"><span aria-hidden=\"true\" class=\"has-background-dim-60 wp-block-cover__gradient-background has-background-dim has-background-gradient\" style=\"background:linear-gradient(180deg,rgb(0,0,0) 0%,rgba(0,0,0,0) 100%)\"><\/span><div class=\"wp-block-cover__inner-container is-layout-flow wp-block-cover-is-layout-flow\">\n<h6 class=\"has-white-color has-text-color wp-block-heading\">Un concept unique pour vous<\/h6>\n\n\n\n<h1 class=\"has-white-color has-text-color wp-block-heading\">VENTE &amp; LOCATION<\/h1>\n\n\n\n<p>Vous cherchez le v\u00eatement id\u00e9al pour votre occasion ? Ne cherchez plus ailleurs ! <\/p>\n\n\n\n<p>Appelez nous sur le 50 40 10 10 et venez nous rendre visite<\/p>\n\n\n\n<div class=\"wp-block-buttons is-layout-flex wp-block-buttons-is-layout-flex\">\n<div class=\"wp-block-button is-style-fill\"><a class=\"wp-block-button__link has-black-color has-white-background-color has-text-color has-background\" href=\"\" target=\"_blank\" rel=\"noreferrer noopener\">Appelez nous<\/a><\/div>\n<\/div>\n<\/div><\/div>\n\n\n\n<div class=\"wp-block-group alignfull has-ast-global-color-5-background-color has-background is-layout-flow wp-block-group-is-layout-flow\"><div class=\"wp-block-group__inner-container\">\n<h5 class=\"has-text-align-center has-ast-global-color-0-color has-text-color wp-block-heading\">Une collection unique<\/h5>\n\n\n\n<h2 class=\"has-text-align-center wp-block-heading\">Venez vivre une \u00e9xp\u00e9rience in\u00e9galable<\/h2>\n<\/div><\/div>\n\n\n\n<div class=\"wp-block-group alignfull has-ast-global-color-5-background-color has-background is-layout-flow wp-block-group-is-layout-flow\"><div class=\"wp-block-group__inner-container\">\n<div class=\"wp-block-cover is-light\"><span aria-hidden=\"true\" class=\"has-background-dim-0 wp-block-cover__gradient-background has-background-dim\"><\/span><img loading=\"lazy\" decoding=\"async\" width=\"1140\" height=\"500\" class=\"wp-block-cover__image-background wp-image-101\" alt=\"\" src=\"https:\/\/cadredor.tn\/wp-content\/uploads\/2020\/02\/bg-02-free-img.jpg\" data-object-fit=\"cover\" srcset=\"https:\/\/cadredor.tn\/wp-content\/uploads\/2020\/02\/bg-02-free-img.jpg 1140w, https:\/\/cadredor.tn\/wp-content\/uploads\/2020\/02\/bg-02-free-img-600x263.jpg 600w, https:\/\/cadredor.tn\/wp-content\/uploads\/2020\/02\/bg-02-free-img-300x132.jpg 300w, https:\/\/cadredor.tn\/wp-content\/uploads\/2020\/02\/bg-02-free-img-1024x449.jpg 1024w, https:\/\/cadredor.tn\/wp-content\/uploads\/2020\/02\/bg-02-free-img-768x337.jpg 768w\" sizes=\"auto, (max-width: 1140px) 100vw, 1140px\" \/><div class=\"wp-block-cover__inner-container is-layout-flow wp-block-cover-is-layout-flow\">\n<div class=\"wp-block-columns are-vertically-aligned-center is-layout-flex wp-container-core-columns-is-layout-9d6595d7 wp-block-columns-is-layout-flex\">\n<div class=\"wp-block-column is-vertically-aligned-center is-layout-flow wp-block-column-is-layout-flow\"><\/div>\n\n\n\n<div class=\"wp-block-column is-vertically-aligned-center is-layout-flow wp-block-column-is-layout-flow\">\n<h5 class=\"has-text-align-center has-ast-global-color-0-color has-text-color wp-block-heading\">Sortez de l&rsquo;ordinaire<\/h5>\n\n\n\n<h2 class=\"has-text-align-center has-black-color has-text-color wp-block-heading\">Accessoires de mariages uniques<\/h2>\n\n\n\n<div class=\"wp-block-buttons is-horizontal is-content-justification-center is-layout-flex wp-container-core-buttons-is-layout-499968f5 wp-block-buttons-is-layout-flex\">\n<div class=\"wp-block-button\"><a class=\"wp-block-button__link\">View More<\/a><\/div>\n<\/div>\n<\/div>\n<\/div>\n<\/div><\/div>\n<\/div><\/div>\n\n\n\n<div class=\"wp-block-group alignfull has-ast-global-color-4-background-color has-background is-layout-flow wp-block-group-is-layout-flow\"><div class=\"wp-block-group__inner-container\"><\/div><\/div>\n\n\n\n<div class=\"wp-block-cover alignfull is-light has-parallax\" style=\"background-image:url(https:\/\/cadredor.tn\/wp-content\/uploads\/2020\/02\/bg-03-free-img.png);min-height:700px;aspect-ratio:unset;\"><span aria-hidden=\"true\" class=\"has-background-dim-0 wp-block-cover__gradient-background has-background-dim\"><\/span><div class=\"wp-block-cover__inner-container is-layout-flow wp-block-cover-is-layout-flow\">\n<h5 class=\"has-text-align-center has-ast-global-color-0-color has-text-color wp-block-heading\">T\u00e9moignages clients<\/h5>\n\n\n\n<h2 class=\"has-text-align-center has-black-color has-text-color wp-block-heading\">Nos clients sont satisfaits<\/h2>\n\n\n\n<p class=\"has-text-align-center has-black-color has-text-color\">Accueil extr\u00eamement chaleureux et articles uniques ! Je recommande ! Merci pour tout &lt;3<\/p>\n\n\n\n<div class=\"wp-block-image is-style-rounded\"><figure class=\"aligncenter size-large is-resized\"><img loading=\"lazy\" decoding=\"async\" src=\"https:\/\/cadredor.tn\/wp-content\/uploads\/2020\/03\/customer4.jpg\" alt=\"\" class=\"wp-image-425\" width=\"100\" height=\"100\" srcset=\"https:\/\/cadredor.tn\/wp-content\/uploads\/2020\/03\/customer4.jpg 200w, https:\/\/cadredor.tn\/wp-content\/uploads\/2020\/03\/customer4-100x100.jpg 100w, https:\/\/cadredor.tn\/wp-content\/uploads\/2020\/03\/customer4-150x150.jpg 150w\" sizes=\"auto, (max-width: 100px) 100vw, 100px\" \/><\/figure><\/div>\n\n\n\n<p class=\"has-text-align-center has-black-color has-text-color\">INES<\/p>\n<\/div><\/div>\n\n\n\n<div class=\"wp-block-group alignfull has-ast-global-color-5-background-color has-background is-layout-flow wp-block-group-is-layout-flow\"><div class=\"wp-block-group__inner-container\">\n<div class=\"wp-block-uagb-google-map uagb-google-map__wrap uagb-block-3efd2673\"><iframe class=\"uagb-google-map__iframe\" title=\"Google Map for cadre d'or ariana\" src=\"https:\/\/www.google.com\/maps\/embed\/v1\/place?key=AIzaSyAsd_d46higiozY-zNqtr7zdA81Soswje4&amp;q=cadre%20d'or%20ariana&amp;zoom=15&amp;language=fr\" style=\"height:518px\"><\/iframe><\/div>\n<\/div><\/div>\n\n\n\n<div class=\"wp-block-group alignfull has-ast-global-color-4-background-color has-background is-layout-flow wp-block-group-is-layout-flow\"><div class=\"wp-block-group__inner-container\">\n<div class=\"wp-block-columns are-vertically-aligned-center is-layout-flex wp-container-core-columns-is-layout-9d6595d7 wp-block-columns-is-layout-flex\">\n<div class=\"wp-block-column is-vertically-aligned-center is-layout-flow wp-block-column-is-layout-flow\"><\/div>\n<\/div>\n<\/div><\/div>\n\n\n\n<p><\/p>\n","protected":false},"excerpt":{"rendered":"<p>Une collection unique Venez vivre une \u00e9xp\u00e9rience in\u00e9galable<\/p>\n","protected":false},"author":1,"featured_media":0,"parent":0,"menu_order":0,"comment_status":"closed","ping_status":"closed","template":"","meta":{"site-sidebar-layout":"no-sidebar","site-content-layout":"plain-container","ast-main-header-display":"","ast-hfb-above-header-display":"","ast-hfb-below-header-display":"","ast-hfb-mobile-header-display":"","site-post-title":"disabled","ast-breadcrumbs-content":"disabled","ast-featured-img":"disabled","footer-sml-layout":"","theme-transparent-header-meta":"enabled","adv-header-id-meta":"","stick-header-meta":"","header-above-stick-meta":"","header-main-stick-meta":"","header-below-stick-meta":"","footnotes":""},"class_list":["post-542","page","type-page","status-publish","hentry"],"yoast_head":"<!-- This site is optimized with the Yoast SEO plugin v18.0 - https:\/\/yoast.com\/wordpress\/plugins\/seo\/ -->\n<title>Acceuil - Cadre d&#039;or<\/title>\n<meta name=\"robots\" content=\"index, follow, max-snippet:-1, max-image-preview:large, max-video-preview:-1\" \/>\n<link rel=\"canonical\" href=\"https:\/\/cadredor.tn\/\" \/>\n<meta property=\"og:locale\" content=\"fr_FR\" \/>\n<meta property=\"og:type\" content=\"article\" \/>\n<meta property=\"og:title\" content=\"Acceuil - Cadre d&#039;or\" \/>\n<meta property=\"og:description\" content=\"Une collection unique Venez vivre une \u00e9xp\u00e9rience in\u00e9galable\" \/>\n<meta property=\"og:url\" content=\"https:\/\/cadredor.tn\/\" \/>\n<meta property=\"og:site_name\" content=\"Cadre d&#039;or\" \/>\n<meta property=\"article:modified_time\" content=\"2022-04-17T10:35:49+00:00\" \/>\n<meta property=\"og:image\" content=\"https:\/\/cadredor.tn\/wp-content\/uploads\/2020\/02\/bg-02-free-img.jpg\" \/>\n<meta name=\"twitter:card\" content=\"summary_large_image\" \/>\n<meta name=\"twitter:label1\" content=\"Dur\u00e9e de lecture estim\u00e9e\" \/>\n\t<meta name=\"twitter:data1\" content=\"1 minute\" \/>\n<script type=\"application\/ld+json\" class=\"yoast-schema-graph\">{\"@context\":\"https:\/\/schema.org\",\"@graph\":[{\"@type\":\"WebSite\",\"@id\":\"https:\/\/cadredor.tn\/#website\",\"url\":\"https:\/\/cadredor.tn\/\",\"name\":\"Cadre d&#039;or\",\"description\":\"Vente et location de v\u00eatements de soir\u00e9e et d&#039;accessoires de mariage\",\"potentialAction\":[{\"@type\":\"SearchAction\",\"target\":{\"@type\":\"EntryPoint\",\"urlTemplate\":\"https:\/\/cadredor.tn\/?s={search_term_string}\"},\"query-input\":\"required name=search_term_string\"}],\"inLanguage\":\"fr-FR\"},{\"@type\":\"ImageObject\",\"@id\":\"https:\/\/cadredor.tn\/#primaryimage\",\"inLanguage\":\"fr-FR\",\"url\":\"https:\/\/cadredor.tn\/wp-content\/uploads\/2020\/02\/bg-02-free-img.jpg\",\"contentUrl\":\"https:\/\/cadredor.tn\/wp-content\/uploads\/2020\/02\/bg-02-free-img.jpg\",\"width\":1140,\"height\":500,\"caption\":\"Background Image\"},{\"@type\":\"WebPage\",\"@id\":\"https:\/\/cadredor.tn\/#webpage\",\"url\":\"https:\/\/cadredor.tn\/\",\"name\":\"Acceuil - Cadre d&#039;or\",\"isPartOf\":{\"@id\":\"https:\/\/cadredor.tn\/#website\"},\"primaryImageOfPage\":{\"@id\":\"https:\/\/cadredor.tn\/#primaryimage\"},\"datePublished\":\"2020-08-26T03:14:49+00:00\",\"dateModified\":\"2022-04-17T10:35:49+00:00\",\"breadcrumb\":{\"@id\":\"https:\/\/cadredor.tn\/#breadcrumb\"},\"inLanguage\":\"fr-FR\",\"potentialAction\":[{\"@type\":\"ReadAction\",\"target\":[\"https:\/\/cadredor.tn\/\"]}]},{\"@type\":\"BreadcrumbList\",\"@id\":\"https:\/\/cadredor.tn\/#breadcrumb\",\"itemListElement\":[{\"@type\":\"ListItem\",\"position\":1,\"name\":\"Accueil\",\"item\":\"https:\/\/cadredor.tn\/\"},{\"@type\":\"ListItem\",\"position\":2,\"name\":\"Acceuil\"}]}]}<\/script>\n<!-- \/ Yoast SEO plugin. -->","yoast_head_json":{"title":"Acceuil - Cadre d&#039;or","robots":{"index":"index","follow":"follow","max-snippet":"max-snippet:-1","max-image-preview":"max-image-preview:large","max-video-preview":"max-video-preview:-1"},"canonical":"https:\/\/cadredor.tn\/","og_locale":"fr_FR","og_type":"article","og_title":"Acceuil - Cadre d&#039;or","og_description":"Une collection unique Venez vivre une \u00e9xp\u00e9rience in\u00e9galable","og_url":"https:\/\/cadredor.tn\/","og_site_name":"Cadre d&#039;or","article_modified_time":"2022-04-17T10:35:49+00:00","og_image":[{"url":"https:\/\/cadredor.tn\/wp-content\/uploads\/2020\/02\/bg-02-free-img.jpg"}],"twitter_card":"summary_large_image","twitter_misc":{"Dur\u00e9e de lecture estim\u00e9e":"1 minute"},"schema":{"@context":"https:\/\/schema.org","@graph":[{"@type":"WebSite","@id":"https:\/\/cadredor.tn\/#website","url":"https:\/\/cadredor.tn\/","name":"Cadre d&#039;or","description":"Vente et location de v\u00eatements de soir\u00e9e et d&#039;accessoires de mariage","potentialAction":[{"@type":"SearchAction","target":{"@type":"EntryPoint","urlTemplate":"https:\/\/cadredor.tn\/?s={search_term_string}"},"query-input":"required name=search_term_string"}],"inLanguage":"fr-FR"},{"@type":"ImageObject","@id":"https:\/\/cadredor.tn\/#primaryimage","inLanguage":"fr-FR","url":"https:\/\/cadredor.tn\/wp-content\/uploads\/2020\/02\/bg-02-free-img.jpg","contentUrl":"https:\/\/cadredor.tn\/wp-content\/uploads\/2020\/02\/bg-02-free-img.jpg","width":1140,"height":500,"caption":"Background Image"},{"@type":"WebPage","@id":"https:\/\/cadredor.tn\/#webpage","url":"https:\/\/cadredor.tn\/","name":"Acceuil - Cadre d&#039;or","isPartOf":{"@id":"https:\/\/cadredor.tn\/#website"},"primaryImageOfPage":{"@id":"https:\/\/cadredor.tn\/#primaryimage"},"datePublished":"2020-08-26T03:14:49+00:00","dateModified":"2022-04-17T10:35:49+00:00","breadcrumb":{"@id":"https:\/\/cadredor.tn\/#breadcrumb"},"inLanguage":"fr-FR","potentialAction":[{"@type":"ReadAction","target":["https:\/\/cadredor.tn\/"]}]},{"@type":"BreadcrumbList","@id":"https:\/\/cadredor.tn\/#breadcrumb","itemListElement":[{"@type":"ListItem","position":1,"name":"Accueil","item":"https:\/\/cadredor.tn\/"},{"@type":"ListItem","position":2,"name":"Acceuil"}]}]}},"uagb_featured_image_src":{"full":false,"thumbnail":false,"medium":false,"medium_large":false,"large":false,"1536x1536":false,"2048x2048":false,"woocommerce_thumbnail":false,"woocommerce_single":false,"woocommerce_gallery_thumbnail":false,"shop_catalog":false,"shop_single":false,"shop_thumbnail":false},"uagb_author_info":{"display_name":"admin","author_link":"https:\/\/cadredor.tn\/index.php\/author\/samilandoulsi\/"},"uagb_comment_info":0,"uagb_excerpt":"Une collection unique Venez vivre une \u00e9xp\u00e9rience in\u00e9galable","_links":{"self":[{"href":"https:\/\/cadredor.tn\/index.php\/wp-json\/wp\/v2\/pages\/542","targetHints":{"allow":["GET"]}}],"collection":[{"href":"https:\/\/cadredor.tn\/index.php\/wp-json\/wp\/v2\/pages"}],"about":[{"href":"https:\/\/cadredor.tn\/index.php\/wp-json\/wp\/v2\/types\/page"}],"author":[{"embeddable":true,"href":"https:\/\/cadredor.tn\/index.php\/wp-json\/wp\/v2\/users\/1"}],"replies":[{"embeddable":true,"href":"https:\/\/cadredor.tn\/index.php\/wp-json\/wp\/v2\/comments?post=542"}],"version-history":[{"count":3,"href":"https:\/\/cadredor.tn\/index.php\/wp-json\/wp\/v2\/pages\/542\/revisions"}],"predecessor-version":[{"id":1227,"href":"https:\/\/cadredor.tn\/index.php\/wp-json\/wp\/v2\/pages\/542\/revisions\/1227"}],"wp:attachment":[{"href":"https:\/\/cadredor.tn\/index.php\/wp-json\/wp\/v2\/media?parent=542"}],"curies":[{"name":"wp","href":"https:\/\/api.w.org\/{rel}","templated":true}]}}